{"id":1205,"date":"2023-09-02T14:38:01","date_gmt":"2023-09-02T14:38:01","guid":{"rendered":"https:\/\/rominalazcano.com\/campus\/?page_id=1205"},"modified":"2023-09-02T14:38:03","modified_gmt":"2023-09-02T14:38:03","slug":"reembolso_devoluciones","status":"publish","type":"page","link":"https:\/\/rominalazcano.com\/campus\/reembolso_devoluciones\/","title":{"rendered":"Pol\u00edtica de devoluciones y reembolsos"},"content":{"rendered":"\n<p><strong>Pol\u00edtica de Devoluciones y Compras para Cursos en L\u00ednea y Libros Descargables de www.rominalazcano.com y sus subdominios.<\/strong><\/p>\n\n\n\n<p><strong>1. Compra de Cursos en L\u00ednea y Libros Descargables<\/strong><\/p>\n\n\n\n<p>1.1. Al adquirir cursos en l\u00ednea y libros descargables en <strong>www.rominalazcano.com y sus subdominios<\/strong>, aceptas los t\u00e9rminos y condiciones establecidos en esta pol\u00edtica de devoluciones y compras.<\/p>\n\n\n\n<p>1.2. Una vez realizado el pago y completada la descarga de un curso en l\u00ednea o libro, estos productos se consideran entregados y no son reembolsables, a menos que se aplique alguna de las excepciones mencionadas a continuaci\u00f3n.<\/p>\n\n\n\n<p><strong>2. Excepciones a la Pol\u00edtica de Devoluciones<\/strong><\/p>\n\n\n\n<p>2.1. <strong>Productos Defectuosos o Da\u00f1ados<\/strong> : Si descargas un producto que est\u00e1 defectuoso o da\u00f1ado, te proporcionaremos un reemplazo sin costo adicional. Por favor, cont\u00e1ctanos dentro de los 5 d\u00edas h\u00e1biles siguientes a la descarga para informarnos sobre el problema.<\/p>\n\n\n\n<p>2.2. <strong>Contenido incorrecto<\/strong> : Si el contenido del curso en l\u00ednea o libro descargable que adquiriste no corresponde a la descripci\u00f3n proporcionada en nuestro sitio web, podr\u00e1s solicitar un reemplazo o un reembolso. Por favor, cont\u00e1ctanos para que podamos resolver la situaci\u00f3n.<\/p>\n\n\n\n<p><strong>3. Contacto<\/strong><\/p>\n\n\n\n<p>3.1. Para solicitar un reemplazo o informar sobre problemas relacionados con tus compras, por favor cont\u00e1ctanos a trav\u00e9s de contacto@rominalazcano.com \/  tel\u00e9fono de atenci\u00f3n al cliente: 0059 1140451657].<\/p>\n\n\n\n<p><strong>4. Cancelaci\u00f3n de Cursos en L\u00ednea<\/strong><\/p>\n\n\n\n<p>4.1. Si decide cancelar tu participaci\u00f3n en un curso en l\u00ednea antes de completarlo, comun\u00edcate con nosotros para discutir tus opciones. En algunos casos, es posible que podamos recomendarle un cr\u00e9dito para otro curso de nuestro cat\u00e1logo, sujeto a nuestra discreci\u00f3n.<\/p>\n\n\n\n<p><strong>5. Derechos de Autor y Uso<\/strong><\/p>\n\n\n\n<p>5.1. Los cursos en l\u00ednea y libros descargables que adquieras en nuestro sitio web est\u00e1n protegidos por derechos de autor. Est\u00e1n destinados \u00fanicamente para uso personal y no deben ser compartidos, copiados o distribuidos sin el permiso expl\u00edcito del titular de los derechos de autor.<\/p>\n\n\n\n<p>Esta pol\u00edtica de devoluciones y compras est\u00e1 sujeta a cambios sin previo aviso. Por favor, rev\u00edsala peri\u00f3dicamente para estar al tanto de las actualizaciones.<\/p>\n\n\n\n<p>Fecha de \u00faltima actualizaci\u00f3n: 2 de Septiembre de 2023<\/p>\n\n\n\n<p><\/p>\n","protected":false},"excerpt":{"rendered":"<p>Pol\u00edtica de Devoluciones y Compras para Cursos en L\u00ednea y Libros Descargables de www.rominalazcano.com y sus subdominios. 1. Compra de Cursos en L\u00ednea y Libros Descargables 1.1. Al adquirir cursos en l\u00ednea y libros descargables en www.rominalazcano.com y sus subdominios, aceptas los t\u00e9rminos y condiciones establecidos en esta pol\u00edtica de devoluciones y compras. 1.2. Una [&hellip;]<\/p>\n","protected":false},"author":1,"featured_media":0,"parent":0,"menu_order":0,"comment_status":"closed","ping_status":"closed","template":"","meta":{"footnotes":""},"class_list":["post-1205","page","type-page","status-publish","hentry"],"_links":{"self":[{"href":"https:\/\/rominalazcano.com\/campus\/wp-json\/wp\/v2\/pages\/1205","targetHints":{"allow":["GET"]}}],"collection":[{"href":"https:\/\/rominalazcano.com\/campus\/wp-json\/wp\/v2\/pages"}],"about":[{"href":"https:\/\/rominalazcano.com\/campus\/wp-json\/wp\/v2\/types\/page"}],"author":[{"embeddable":true,"href":"https:\/\/rominalazcano.com\/campus\/wp-json\/wp\/v2\/users\/1"}],"replies":[{"embeddable":true,"href":"https:\/\/rominalazcano.com\/campus\/wp-json\/wp\/v2\/comments?post=1205"}],"version-history":[{"count":1,"href":"https:\/\/rominalazcano.com\/campus\/wp-json\/wp\/v2\/pages\/1205\/revisions"}],"predecessor-version":[{"id":4966,"href":"https:\/\/rominalazcano.com\/campus\/wp-json\/wp\/v2\/pages\/1205\/revisions\/4966"}],"wp:attachment":[{"href":"https:\/\/rominalazcano.com\/campus\/wp-json\/wp\/v2\/media?parent=1205"}],"curies":[{"name":"wp","href":"https:\/\/api.w.org\/{rel}","templated":true}]}}