{"id":4970,"date":"2023-09-02T14:48:36","date_gmt":"2023-09-02T14:48:36","guid":{"rendered":"https:\/\/rominalazcano.com\/campus\/?page_id=4970"},"modified":"2023-09-02T14:48:40","modified_gmt":"2023-09-02T14:48:40","slug":"terminos-y-condiciones","status":"publish","type":"page","link":"https:\/\/rominalazcano.com\/campus\/terminos-y-condiciones\/","title":{"rendered":"T\u00e9rminos y condiciones"},"content":{"rendered":"\n<p><strong>T\u00e9rminos y Condiciones de www.rominalazcano.com<\/strong><\/p>\n\n\n\n<p><strong>\u00daltima actualizaci\u00f3n: <\/strong>2 de septiembre de 2023<\/p>\n\n\n\n<p><strong>1. Introducci\u00f3n<\/strong><\/p>\n\n\n\n<p>Estos T\u00e9rminos y Condiciones (&#8220;T\u00e9rminos&#8221;) rigen el uso de <strong>www.rominalazcano.com<\/strong>  y los servicios que ofrecemos, que incluyen la compra y acceso a cursos en l\u00ednea. y libros descargables. Al utilizar nuestro sitio web, aceptas cumplir con estos T\u00e9rminos y cualquier pol\u00edtica adicional que puedas encontrar en nuestro sitio web.<\/p>\n\n\n\n<p><strong>2. Compra de Cursos en L\u00ednea y Libros Descargables<\/strong><\/p>\n\n\n\n<p>2.1. Para adquirir cursos en l\u00ednea y libros descargables en nuestro sitio web, debes ser mayor de 18 a\u00f1os o contar con el consentimiento de un adulto responsable.<\/p>\n\n\n\n<p>2.2. Los productos adquiridos en nuestro sitio web son solo para uso personal y no pueden ser compartidos, revendidos o distribuidos sin nuestro permiso.<\/p>\n\n\n\n<p><strong>3. Propiedad Intelectual<\/strong><\/p>\n\n\n\n<p>3.1. Todos los contenidos, materiales y derechos de autor relacionados con los cursos en l\u00ednea y libros descargables son propiedad de <strong>www.rominalazcano.com<\/strong> o de nuestros proveedores y est\u00e1n protegidos por las leyes de propiedad intelectual de Argentina y los tratados internacionales.<\/p>\n\n\n\n<p><strong>4. Pol\u00edtica de Devoluciones y Reembolsos<\/strong><\/p>\n\n\n\n<p>4.1. Nuestra <a href=\"https:\/\/rominalazcano.com\/campus\/reembolso_devoluciones\/\">pol\u00edtica de devoluciones y reembolsos<\/a> se encuentra detallada en .<\/p>\n\n\n\n<p><strong>5. Privacidad y Protecci\u00f3n de Datos<\/strong><\/p>\n\n\n\n<p>5.1. Respetamos la privacidad de nuestros usuarios. Nuestra pol\u00edtica de privacidad describe c\u00f3mo recopilamos, almacenamos y utilizamos la informaci\u00f3n personal. Al utilizar nuestro sitio web, aceptas nuestras pr\u00e1cticas de privacidad.<\/p>\n\n\n\n<p><strong>6. Limitaci\u00f3n de Responsabilidad<\/strong><\/p>\n\n\n\n<p>6.1. <strong>www.rominalazcano.com<\/strong> no se hace responsable de los resultados obtenidos a trav\u00e9s de la participaci\u00f3n en nuestros cursos en l\u00ednea o el uso de nuestros libros descargables. Los productos se proporcionan &#8220;tal cual&#8221; y no ofrecemos garant\u00edas expresas o impl\u00edcitas.<\/p>\n\n\n\n<p><strong>7. Cambios en los T\u00e9rminos y Condiciones<\/strong><\/p>\n\n\n\n<p>7.1. Nos reservamos el derecho de modificar estos T\u00e9rminos en cualquier momento. Los cambios entrar\u00e1n en vigor a partir de la fecha de su publicaci\u00f3n en nuestro sitio web. Te recomendamos revisar estos T\u00e9rminos peri\u00f3dicamente.<\/p>\n\n\n\n<p><strong>8. Contacto<\/strong><\/p>\n\n\n\n<p>8.1. Si tienes preguntas, comentarios o inquietudes sobre estos T\u00e9rminos y Condiciones, por favor cont\u00e1ctanos a trav\u00e9s de contacto@rominalazcano.com \/  tel\u00e9fono de atenci\u00f3n al cliente: 0054 1140451657.<\/p>\n","protected":false},"excerpt":{"rendered":"<p>T\u00e9rminos y Condiciones de www.rominalazcano.com \u00daltima actualizaci\u00f3n: 2 de septiembre de 2023 1. Introducci\u00f3n Estos T\u00e9rminos y Condiciones (&#8220;T\u00e9rminos&#8221;) rigen el uso de www.rominalazcano.com y los servicios que ofrecemos, que incluyen la compra y acceso a cursos en l\u00ednea. y libros descargables. Al utilizar nuestro sitio web, aceptas cumplir con estos T\u00e9rminos y cualquier pol\u00edtica [&hellip;]<\/p>\n","protected":false},"author":1,"featured_media":0,"parent":0,"menu_order":0,"comment_status":"closed","ping_status":"closed","template":"","meta":{"footnotes":""},"class_list":["post-4970","page","type-page","status-publish","hentry"],"_links":{"self":[{"href":"https:\/\/rominalazcano.com\/campus\/wp-json\/wp\/v2\/pages\/4970","targetHints":{"allow":["GET"]}}],"collection":[{"href":"https:\/\/rominalazcano.com\/campus\/wp-json\/wp\/v2\/pages"}],"about":[{"href":"https:\/\/rominalazcano.com\/campus\/wp-json\/wp\/v2\/types\/page"}],"author":[{"embeddable":true,"href":"https:\/\/rominalazcano.com\/campus\/wp-json\/wp\/v2\/users\/1"}],"replies":[{"embeddable":true,"href":"https:\/\/rominalazcano.com\/campus\/wp-json\/wp\/v2\/comments?post=4970"}],"version-history":[{"count":1,"href":"https:\/\/rominalazcano.com\/campus\/wp-json\/wp\/v2\/pages\/4970\/revisions"}],"predecessor-version":[{"id":4971,"href":"https:\/\/rominalazcano.com\/campus\/wp-json\/wp\/v2\/pages\/4970\/revisions\/4971"}],"wp:attachment":[{"href":"https:\/\/rominalazcano.com\/campus\/wp-json\/wp\/v2\/media?parent=4970"}],"curies":[{"name":"wp","href":"https:\/\/api.w.org\/{rel}","templated":true}]}}