{"id":4986,"date":"2023-09-02T17:01:49","date_gmt":"2023-09-02T17:01:49","guid":{"rendered":"https:\/\/rominalazcano.com\/campus\/?page_id=4986"},"modified":"2023-09-02T17:01:51","modified_gmt":"2023-09-02T17:01:51","slug":"preguntas-frecuentes","status":"publish","type":"page","link":"https:\/\/rominalazcano.com\/campus\/preguntas-frecuentes\/","title":{"rendered":"Preguntas frecuentes"},"content":{"rendered":"\n<p>Holaaa mi linda, a las preguntas frecuentes las estoy trabajando, ni bien las tenga listas, las publico, mientras tanto, pod\u00e9s mandarme un mensajito por whatssapp desde el \u00edcono de contacto, abajo a la izquierda o mandarme alguna pregunta por el \u00edcono al pi\u00e9 a la derecha.<\/p>\n\n\n\n<p>Besito!<\/p>\n","protected":false},"excerpt":{"rendered":"<p>Holaaa mi linda, a las preguntas frecuentes las estoy trabajando, ni bien las tenga listas, las publico, mientras tanto, pod\u00e9s mandarme un mensajito por whatssapp desde el \u00edcono de contacto, abajo a la izquierda o mandarme alguna pregunta por el \u00edcono al pi\u00e9 a la derecha. Besito!<\/p>\n","protected":false},"author":1,"featured_media":0,"parent":0,"menu_order":0,"comment_status":"closed","ping_status":"closed","template":"","meta":{"footnotes":""},"class_list":["post-4986","page","type-page","status-publish","hentry"],"_links":{"self":[{"href":"https:\/\/rominalazcano.com\/campus\/wp-json\/wp\/v2\/pages\/4986","targetHints":{"allow":["GET"]}}],"collection":[{"href":"https:\/\/rominalazcano.com\/campus\/wp-json\/wp\/v2\/pages"}],"about":[{"href":"https:\/\/rominalazcano.com\/campus\/wp-json\/wp\/v2\/types\/page"}],"author":[{"embeddable":true,"href":"https:\/\/rominalazcano.com\/campus\/wp-json\/wp\/v2\/users\/1"}],"replies":[{"embeddable":true,"href":"https:\/\/rominalazcano.com\/campus\/wp-json\/wp\/v2\/comments?post=4986"}],"version-history":[{"count":1,"href":"https:\/\/rominalazcano.com\/campus\/wp-json\/wp\/v2\/pages\/4986\/revisions"}],"predecessor-version":[{"id":4987,"href":"https:\/\/rominalazcano.com\/campus\/wp-json\/wp\/v2\/pages\/4986\/revisions\/4987"}],"wp:attachment":[{"href":"https:\/\/rominalazcano.com\/campus\/wp-json\/wp\/v2\/media?parent=4986"}],"curies":[{"name":"wp","href":"https:\/\/api.w.org\/{rel}","templated":true}]}}