{"id":6094,"date":"2025-01-14T00:19:59","date_gmt":"2025-01-14T00:19:59","guid":{"rendered":"https:\/\/rominalazcano.com\/campus\/?page_id=6094"},"modified":"2025-01-14T13:46:21","modified_gmt":"2025-01-14T13:46:21","slug":"oraculo-guiada","status":"publish","type":"page","link":"https:\/\/rominalazcano.com\/campus\/oraculo-guiada\/","title":{"rendered":"Or\u00e1culo GuiAda"},"content":{"rendered":"\t\t<div data-elementor-type=\"wp-page\" data-elementor-id=\"6094\" class=\"elementor elementor-6094\">\n\t\t\t\t\t\t<section class=\"elementor-section elementor-top-section elementor-element elementor-element-4f967e2 elementor-section-boxed elementor-section-height-default elementor-section-height-default\" data-id=\"4f967e2\" data-element_type=\"section\" data-e-type=\"section\">\n\t\t\t\t\t\t<div class=\"elementor-container elementor-column-gap-default\">\n\t\t\t\t\t<div class=\"elementor-column elementor-col-100 elementor-top-column elementor-element elementor-element-82e5e97\" data-id=\"82e5e97\" data-element_type=\"column\" data-e-type=\"column\">\n\t\t\t<div class=\"elementor-widget-wrap elementor-element-populated\">\n\t\t\t\t\t\t<div class=\"elementor-element elementor-element-0cb0932 elementor-widget elementor-widget-image\" data-id=\"0cb0932\" data-element_type=\"widget\" data-e-type=\"widget\" data-widget_type=\"image.default\">\n\t\t\t\t<div class=\"elementor-widget-container\">\n\t\t\t\t\t\t\t\t\t\t\t\t\t\t\t<img fetchpriority=\"high\" decoding=\"async\" width=\"300\" height=\"300\" src=\"https:\/\/rominalazcano.com\/campus\/wp-content\/uploads\/2023\/02\/Programa-educativo-de-Marketing-Expansivo-para-1-300x300.png\" class=\"attachment-medium size-medium wp-image-4312\" alt=\"\" srcset=\"https:\/\/rominalazcano.com\/campus\/wp-content\/uploads\/2023\/02\/Programa-educativo-de-Marketing-Expansivo-para-1-300x300.png 300w, https:\/\/rominalazcano.com\/campus\/wp-content\/uploads\/2023\/02\/Programa-educativo-de-Marketing-Expansivo-para-1-1024x1024.png 1024w, https:\/\/rominalazcano.com\/campus\/wp-content\/uploads\/2023\/02\/Programa-educativo-de-Marketing-Expansivo-para-1-150x150.png 150w, https:\/\/rominalazcano.com\/campus\/wp-content\/uploads\/2023\/02\/Programa-educativo-de-Marketing-Expansivo-para-1-768x768.png 768w, https:\/\/rominalazcano.com\/campus\/wp-content\/uploads\/2023\/02\/Programa-educativo-de-Marketing-Expansivo-para-1-1536x1536.png 1536w, https:\/\/rominalazcano.com\/campus\/wp-content\/uploads\/2023\/02\/Programa-educativo-de-Marketing-Expansivo-para-1-324x324.png 324w, https:\/\/rominalazcano.com\/campus\/wp-content\/uploads\/2023\/02\/Programa-educativo-de-Marketing-Expansivo-para-1-416x416.png 416w, https:\/\/rominalazcano.com\/campus\/wp-content\/uploads\/2023\/02\/Programa-educativo-de-Marketing-Expansivo-para-1-100x100.png 100w, https:\/\/rominalazcano.com\/campus\/wp-content\/uploads\/2023\/02\/Programa-educativo-de-Marketing-Expansivo-para-1.png 1620w\" sizes=\"(max-width: 300px) 100vw, 300px\" \/>\t\t\t\t\t\t\t\t\t\t\t\t\t\t\t<\/div>\n\t\t\t\t<\/div>\n\t\t\t\t\t<\/div>\n\t\t<\/div>\n\t\t\t\t\t<\/div>\n\t\t<\/section>\n\t\t\t\t<section class=\"elementor-section elementor-top-section elementor-element elementor-element-673c19c elementor-section-boxed elementor-section-height-default elementor-section-height-default\" data-id=\"673c19c\" data-element_type=\"section\" data-e-type=\"section\">\n\t\t\t\t\t\t<div class=\"elementor-container elementor-column-gap-default\">\n\t\t\t\t\t<div class=\"elementor-column elementor-col-100 elementor-top-column elementor-element elementor-element-a151222\" data-id=\"a151222\" data-element_type=\"column\" data-e-type=\"column\">\n\t\t\t<div class=\"elementor-widget-wrap elementor-element-populated\">\n\t\t\t\t\t\t<div class=\"elementor-element elementor-element-e278141 elementor-widget elementor-widget-text-editor\" data-id=\"e278141\" data-element_type=\"widget\" data-e-type=\"widget\" data-widget_type=\"text-editor.default\">\n\t\t\t\t<div class=\"elementor-widget-container\">\n\t\t\t\t\t\t\t\t\t<p style=\"text-align: left;\">Bienvenida al Or\u00e1culo GuiAda, un espacio m\u00e1gico dise\u00f1ado especialmente para terapeutas hol\u00edsticas como vos. \ud83c\udf1f Este or\u00e1culo no solo es una herramienta de inspiraci\u00f3n, sino tambi\u00e9n una gu\u00eda personalizada que combina sabidur\u00eda, marketing digital y energ\u00eda para potenciar tu pr\u00e1ctica y conectar con tus consultantes de manera aut\u00e9ntica.<\/p><p style=\"text-align: left;\">Antes de comenzar, tom\u00e1 un momento para respirar profundo, cerr\u00e1 los ojos y pens\u00e1 en la pregunta o intenci\u00f3n que quer\u00e9s trabajar hoy. Cuando est\u00e9s lista, hac\u00e9 clic en el mazo de cartas para mezclarlas mientras te concentr\u00e1s en tu prop\u00f3sito. Cada carta contiene un mensaje \u00fanico y poderoso, dise\u00f1ado para ayudarte a transformar ideas en acciones que impulsen tu negocio hol\u00edstico.<\/p><p style=\"text-align: left;\">Record\u00e1: las respuestas siempre est\u00e1n dentro tuyo, pero el Or\u00e1culo GuiAda est\u00e1 ac\u00e1 para iluminar tu camino. \u2728<\/p><p style=\"text-align: left;\">\u00bfEst\u00e1s lista para descubrir tu mensaje de hoy? \ud83d\udc8c<\/p><p>Hac\u00e9 clic en el mazo para que se mezclen las cartas y luego eleg\u00ed una.<\/p>\t\t\t\t\t\t\t\t<\/div>\n\t\t\t\t<\/div>\n\t\t\t\t\t<\/div>\n\t\t<\/div>\n\t\t\t\t\t<\/div>\n\t\t<\/section>\n\t\t\t\t<section class=\"elementor-section elementor-top-section elementor-element elementor-element-64f49066 elementor-section-boxed elementor-section-height-default elementor-section-height-default\" data-id=\"64f49066\" data-element_type=\"section\" data-e-type=\"section\">\n\t\t\t\t\t\t<div class=\"elementor-container elementor-column-gap-default\">\n\t\t\t\t\t<div class=\"elementor-column elementor-col-100 elementor-top-column elementor-element elementor-element-79723b98\" data-id=\"79723b98\" data-element_type=\"column\" data-e-type=\"column\">\n\t\t\t<div class=\"elementor-widget-wrap elementor-element-populated\">\n\t\t\t\t\t\t<div class=\"elementor-element elementor-element-7911e660 elementor-widget elementor-widget-text-editor\" data-id=\"7911e660\" data-element_type=\"widget\" data-e-type=\"widget\" data-widget_type=\"text-editor.default\">\n\t\t\t\t<div class=\"elementor-widget-container\">\n\t\t\t\t\t\t\t\t\t<p>\u00a0<\/p>\n<p><\/p>\n<p><style>\n        body {\n            font-family: Arial, sans-serif;\n            text-align: center;\n            background-color: #f9f9f9;\n            margin: 0;\n            padding: 0;\n        }\n        h1 {\n            color: #6a1b9a;\n            margin-top: 20px;\n        }\n        #instruccion {\n            font-size: 18px;\n            color: #444;\n            margin-top: 20px;\n        }\n        .mazo-reverso {\n            width: 120px;\n            height: 180px;\n            margin: 30px auto;\n            cursor: pointer;\n            transition: transform 0.6s ease-in-out;\n        }\n        .mazo-reverso img {\n            width: 100%;\n            height: 100%;\n            border-radius: 10px;\n        }\n        .mazo-reverso.rotar {\n            transform: rotate(360deg);\n        }\n        .cartas-container {\n            display: none;\n            grid-template-columns: repeat(auto-fit, minmax(100px, 1fr));\n            gap: 15px;\n            max-width: 800px;\n            margin: 30px auto;\n        }\n        @media (max-width: 600px) {\n            .cartas-container {\n                grid-template-columns: repeat(3, 1fr); \/* 3 columnas en pantallas peque\u00f1as *\/\n            }\n        }\n        .carta {\n            width: 100%;\n            height: auto;\n            cursor: pointer;\n            transition: transform 0.3s ease-in-out;\n        }\n        .carta img {\n            width: 100%;\n            height: auto;\n            border-radius: 10px;\n        }\n        .carta:hover {\n            transform: translateY(-10%) scale(1.1);\n        }\n        .carta-grande {\n            position: fixed;\n            top: 50%;\n            left: 50%;\n            transform: translate(-50%, -50%);\n            width: 90%;\n            max-width: 400px;\n            height: auto;\n            z-index: 1000;\n            background-color: white;\n            border-radius: 10px;\n            box-shadow: 0px 4px 10px rgba(0, 0, 0, 0.3);\n            display: none;\n        }\n        .carta-grande .cerrar {\n            position: absolute;\n            top: 10px;\n            right: 10px;\n            font-size: 20px;\n            color: #fff;\n            background-color: #6a1b9a;\n            border: none;\n            border-radius: 50%;\n            width: 30px;\n            height: 30px;\n            cursor: pointer;\n            display: flex;\n            justify-content: center;\n            align-items: center;\n        }\n        .overlay {\n            position: fixed;\n            top: 0;\n            left: 0;\n            width: 100%;\n            height: 100%;\n            background-color: rgba(0, 0, 0, 0.5);\n            z-index: 999;\n            display: none;\n        }\n    <\/style><\/p>\n<div id=\"mazoReverso\" class=\"mazo-reverso\"><img decoding=\"async\" src=\"https:\/\/rominalazcano.com\/campus\/wp-content\/uploads\/2025\/01\/reverso.jpg\" alt=\"Mazo de cartas\" \/><\/div>\n<div id=\"cartasContainer\" class=\"cartas-container\"><!-- Cartas se generar\u00e1n din\u00e1micamente --><\/div>\n<div id=\"overlay\" class=\"overlay\">\u00a0<\/div>\n<div id=\"cartaGrande\" class=\"carta-grande\"><button id=\"cerrarCarta\" class=\"cerrar\">\u00d7<\/button> <img alt=\"Carta seleccionada\" \/><\/div>\n<p><script>\n        const baseURL = 'https:\/\/rominalazcano.com\/campus\/wp-content\/uploads\/2025\/01\/';\n        const cartas = [];\n        for (let i = 1; i <= 35; i++) {\n            cartas.push(`${baseURL}${i}.jpg`);\n        }\n        const mazoReverso = document.getElementById('mazoReverso');\n        const cartasContainer = document.getElementById('cartasContainer');\n        const cartaGrande = document.getElementById('cartaGrande');\n        const overlay = document.getElementById('overlay');\n        const cerrarCarta = document.getElementById('cerrarCarta');\n\n        mazoReverso.addEventListener('click', function () {\n            mazoReverso.classList.add('rotar'); \/\/ Aplica animaci\u00f3n\n            setTimeout(() => {\n                mazoReverso.style.display = 'none'; \/\/ Oculta el mazo despu\u00e9s de la animaci\u00f3n\n                mostrarCartas();\n            }, 600); \/\/ Tiempo de la animaci\u00f3n (600ms)\n        });\n\n        function mezclarCartas(array) {\n            for (let i = array.length - 1; i > 0; i--) {\n                const j = Math.floor(Math.random() * (i + 1));\n                [array[i], array[j]] = [array[j], array[i]]; \/\/ Intercambia posiciones\n            }\n            return array;\n        }\n\n        function mostrarCartas() {\n            cartasContainer.innerHTML = ''; \/\/ Limpia cartas previas\n            cartasContainer.style.display = 'grid'; \/\/ Muestra el contenedor\n            const cartasMezcladas = mezclarCartas([...cartas]); \/\/ Mezcla las cartas\n            cartasMezcladas.forEach((src, index) => {\n                const cartaDiv = document.createElement('div');\n                cartaDiv.className = 'carta';\n                cartaDiv.innerHTML = `\n                    <img decoding=\"async\" class=\"reverso\" src=\"https:\/\/rominalazcano.com\/campus\/wp-content\/uploads\/2025\/01\/reverso.jpg\" alt=\"Reverso\">\n                    <img decoding=\"async\" class=\"anverso\" src=\"${src}\" alt=\"Anverso\" style=\"display: none;\">\n                `;\n                cartaDiv.addEventListener('click', function () {\n                    elegirCarta(cartaDiv);\n                });\n                cartasContainer.appendChild(cartaDiv);\n            });\n        }\n\n        function elegirCarta(cartaDiv) {\n            const reverso = cartaDiv.querySelector('.reverso');\n            const anverso = cartaDiv.querySelector('.anverso');\n            reverso.style.display = 'none';\n            anverso.style.display = 'block';\n            overlay.style.display = 'block';\n            cartaGrande.style.display = 'block';\n            cartaGrande.querySelector('img').src = anverso.src;\n\n            \/\/ Bloquea m\u00e1s clics en las cartas\n            const cartas = document.querySelectorAll('.carta');\n            cartas.forEach(carta => carta.removeEventListener('click', elegirCarta));\n        }\n\n        cerrarCarta.addEventListener('click', function () {\n            overlay.style.display = 'none';\n            cartaGrande.style.display = 'none';\n            cartasContainer.style.display = 'none'; \/\/ Ocultar cartas\n            mazoReverso.style.display = 'block'; \/\/ Reinicia el proceso\n            mazoReverso.classList.remove('rotar'); \/\/ Quita la clase de animaci\u00f3n\n        });\n    <\/script><\/p>\n<p>\u00a0<\/p>\t\t\t\t\t\t\t\t<\/div>\n\t\t\t\t<\/div>\n\t\t\t\t\t<\/div>\n\t\t<\/div>\n\t\t\t\t\t<\/div>\n\t\t<\/section>\n\t\t\t\t<section class=\"elementor-section elementor-top-section elementor-element elementor-element-e71b0bf elementor-section-boxed elementor-section-height-default elementor-section-height-default\" data-id=\"e71b0bf\" data-element_type=\"section\" data-e-type=\"section\">\n\t\t\t\t\t\t<div class=\"elementor-container elementor-column-gap-default\">\n\t\t\t\t\t<div class=\"elementor-column elementor-col-100 elementor-top-column elementor-element elementor-element-3cd72fa\" data-id=\"3cd72fa\" data-element_type=\"column\" data-e-type=\"column\">\n\t\t\t<div class=\"elementor-widget-wrap elementor-element-populated\">\n\t\t\t\t\t\t<div class=\"elementor-element elementor-element-ea63477 elementor-widget elementor-widget-heading\" data-id=\"ea63477\" data-element_type=\"widget\" data-e-type=\"widget\" data-widget_type=\"heading.default\">\n\t\t\t\t<div class=\"elementor-widget-container\">\n\t\t\t\t\t<h2 class=\"elementor-heading-title elementor-size-default\">TE CUENTO ALGO...<\/h2>\t\t\t\t<\/div>\n\t\t\t\t<\/div>\n\t\t\t\t<div class=\"elementor-element elementor-element-9934bc3 elementor-widget elementor-widget-text-editor\" data-id=\"9934bc3\" data-element_type=\"widget\" data-e-type=\"widget\" data-widget_type=\"text-editor.default\">\n\t\t\t\t<div class=\"elementor-widget-container\">\n\t\t\t\t\t\t\t\t\t<p>El or\u00e1culo GuiAda fue creado absolutamente todo con la Inteligencia Artificial de ChatGPT, m\u00e1s precisamente con ADA, la GPT que program\u00e9 para Terapeutas hol\u00edsticas, que conoce todas las terapias, conoce tu lenguaje, conoce todo sobre tu mundo, es una GPT con alma&#8230;\u00a0<\/p><p>Si quer\u00e9s conocer m\u00e1s de Ada,\u00a0 te cuento que est\u00e1 disponible para que la utilices, en caso de que ingreses al curso M\u00e9todo GuiAda, ella no solo te ayuda a crear contenidos, generar ideas, hablar como si fueses vos, sino mil cosas m\u00e1s&#8230; El or\u00e1culo es un ejemplo de las mil cosas que pod\u00e9s hacer con su ayuda&#8230;<\/p><p><a href=\"https:\/\/rominalazcano.com\/campus\/product\/curso-guiada-bonus\/?wmc-currency=ARS\">Sumate al curso desde ac\u00e1<\/a><\/p>\t\t\t\t\t\t\t\t<\/div>\n\t\t\t\t<\/div>\n\t\t\t\t\t<\/div>\n\t\t<\/div>\n\t\t\t\t\t<\/div>\n\t\t<\/section>\n\t\t\t\t<\/div>\n\t\t","protected":false},"excerpt":{"rendered":"<p>Bienvenida al Or\u00e1culo GuiAda, un espacio m\u00e1gico dise\u00f1ado especialmente para terapeutas hol\u00edsticas como vos. \ud83c\udf1f Este or\u00e1culo no solo es una herramienta de inspiraci\u00f3n, sino tambi\u00e9n una gu\u00eda personalizada que combina sabidur\u00eda, marketing digital y energ\u00eda para potenciar tu pr\u00e1ctica y conectar con tus consultantes de manera aut\u00e9ntica. Antes de comenzar, tom\u00e1 un momento para [&hellip;]<\/p>\n","protected":false},"author":1,"featured_media":0,"parent":0,"menu_order":0,"comment_status":"closed","ping_status":"closed","template":"","meta":{"footnotes":""},"class_list":["post-6094","page","type-page","status-publish","hentry"],"_links":{"self":[{"href":"https:\/\/rominalazcano.com\/campus\/wp-json\/wp\/v2\/pages\/6094","targetHints":{"allow":["GET"]}}],"collection":[{"href":"https:\/\/rominalazcano.com\/campus\/wp-json\/wp\/v2\/pages"}],"about":[{"href":"https:\/\/rominalazcano.com\/campus\/wp-json\/wp\/v2\/types\/page"}],"author":[{"embeddable":true,"href":"https:\/\/rominalazcano.com\/campus\/wp-json\/wp\/v2\/users\/1"}],"replies":[{"embeddable":true,"href":"https:\/\/rominalazcano.com\/campus\/wp-json\/wp\/v2\/comments?post=6094"}],"version-history":[{"count":85,"href":"https:\/\/rominalazcano.com\/campus\/wp-json\/wp\/v2\/pages\/6094\/revisions"}],"predecessor-version":[{"id":6230,"href":"https:\/\/rominalazcano.com\/campus\/wp-json\/wp\/v2\/pages\/6094\/revisions\/6230"}],"wp:attachment":[{"href":"https:\/\/rominalazcano.com\/campus\/wp-json\/wp\/v2\/media?parent=6094"}],"curies":[{"name":"wp","href":"https:\/\/api.w.org\/{rel}","templated":true}]}}