{"id":320,"date":"2021-04-02T19:59:38","date_gmt":"2021-04-02T19:59:38","guid":{"rendered":"https:\/\/rominalazcano.com\/campus\/?post_type=product&#038;p=320"},"modified":"2025-05-11T17:54:52","modified_gmt":"2025-05-11T17:54:52","slug":"instagram-terapias-holisticas","status":"publish","type":"product","link":"https:\/\/rominalazcano.com\/campus\/product\/instagram-terapias-holisticas\/","title":{"rendered":"Decreta Gran Abundancia en tu perfil"},"content":{"rendered":"<p>Esta MasterClass online te ayudar\u00e1 a gestionar tu cuenta de Instagram como un profesional, aport\u00e1ndote herramientas, estrategias y objetivos para que tu negocio crezca de manera eficaz.\u00a0 Fue creada para aquellos que quieran aprender a gestionar su Instagram de manera efectiva con t\u00e9cnicas avanzadas y f\u00e1cil aprendizaje.<\/p>\n<p><strong><span class=\"emoji emoji2705\" title=\"Marca de verificaci\u00f3n blanca\" role=\"button\" data-c=\"\u2705\">&#8212;&gt; <\/span><\/strong><strong>Estas son algunas de las cosas que te pueden estar pasando<\/strong><\/p>\n<p><span class=\"emoji emoji2705\" title=\"Marca de verificaci\u00f3n blanca\" role=\"button\" data-c=\"\u2705\">\u2705<\/span>\u00a0Ten\u00e9s un negocio y quer\u00e9s gestionar tu propia cuenta.<\/p>\n<p><span class=\"emoji emoji2705\" title=\"Marca de verificaci\u00f3n blanca\" role=\"button\" data-c=\"\u2705\">\u2705<\/span>\u00a0No logr\u00e1s interacciones en tu contenido.<\/p>\n<p><span class=\"emoji emoji2705\" title=\"Marca de verificaci\u00f3n blanca\" role=\"button\" data-c=\"\u2705\">\u2705<\/span>\u00a0No sab\u00e9s qu\u00e9 publicar, se te acaban las ideas.<\/p>\n<p><span class=\"emoji emoji2705\" title=\"Marca de verificaci\u00f3n blanca\" role=\"button\" data-c=\"\u2705\">\u2705<\/span>\u00a0No logr\u00e1s captar seguidores.<\/p>\n<p><span class=\"emoji emoji2705\" title=\"Marca de verificaci\u00f3n blanca\" role=\"button\" data-c=\"\u2705\">\u2705<\/span>\u00a0Promocionas tus servicios\/productos y nadie compra.<\/p>\n<p><span class=\"emoji emoji2705\" title=\"Marca de verificaci\u00f3n blanca\" role=\"button\" data-c=\"\u2705\">\u2705<\/span>\u00a0No logr\u00e1s que Instagram te de beneficios.<\/p>\n<p><span class=\"emoji emoji2705\" title=\"Marca de verificaci\u00f3n blanca\" role=\"button\" data-c=\"\u2705\">\u2705<\/span>\u00a0Sent\u00eds que todo lo que public\u00e1s solo lo ven tus amigos o familia.<\/p>\n<p><span class=\"emoji emoji2705\" title=\"Marca de verificaci\u00f3n blanca\" role=\"button\" data-c=\"\u2705\">\u2705<\/span>\u00a0Est\u00e1s a punto de tirar la toalla con Instagram.<\/p>\n<h3><strong>\u2192No te me desesperes, todo tiene soluci\u00f3n\u2190<\/strong><\/h3>\n<h1 style=\"text-align: center;\"><strong><span style=\"color: #cb91ad;\">DecretaGran<\/span><\/strong><\/h1>\n<p>Con DecretaGram Vas a aprender cu\u00e1les son las t\u00e9cnicas precisas,\u00a0 estrategias de acci\u00f3n para que Instagram sea un amigo que te ayude a crecer en tu negocio.<\/p>\n<p>Hoy el universo te est\u00e1 abriendo una puerta para que decretes ese aprendizaje que le ven\u00edas pidi\u00e9ndo\u2026 en tu idioma, que tambi\u00e9n es el m\u00edo\u2026<\/p>\n<h3><strong><span style=\"font-size: 24pt;\">\u00a1<\/span><\/strong><strong><span style=\"font-size: 24pt;\">Decretar es<\/span><\/strong><span style=\"color: #cb91ad;\"><strong><span style=\"font-size: 24pt;\"> DecretaGran!<\/span><\/strong><\/span><\/h3>\n<p>\u2297Vas a comprender cu\u00e1l es el sentido de Instagram.<\/p>\n<p>\u2297Vas a aprender sobre tu cliente potencial \u00bfQui\u00e9n es?.<\/p>\n<p>\u2297Vas a conocer los tipos de contenidos que resultan mejor en terapias alternativas.<\/p>\n<p>\u2297Vas a conocer t\u00e9cnicas y estrategias precisas de tu nicho.<\/p>\n<p>\u2297Vas a aprender herramientas necesarias para crear contenidos que atrapen a tu audiencia.<\/p>\n<p>\u2297Vas a aprender a analizar tus acciones.<\/p>\n<p>\u2297Vas a realizar ejercicios pr\u00e1cticos.<\/p>\n<p>\u2297Vas a aprender c\u00f3mo accionar en caso de crisis.<\/p>\n<h3><strong>\u00bfVos tambi\u00e9n quer\u00e9s aprender a gestionar tu Instagram de manera profesional?<\/strong><\/h3>\n<h3><span style=\"color: #cb91ad;\"><strong><span style=\"font-size: 24pt;\">\u00a1DecretaGran!<\/span><\/strong><\/span><\/h3>\n<p>Ac\u00e1 te dejo los temas que vamos a ver en esta Masterclass, en donde vas a tener recursos explicativos en video,\u00a0 PDF descargables, ejercicios pr\u00e1cticos y mucho contenido.<\/p>\n<p><strong>M\u00f3dulo 1<\/strong><\/p>\n<p>+ Significancia de Instagram: Vamos a prender y comprender el sentido que tiene esta red social, esto es fundamental para que generes una estrategia efectiva de su manejo.<\/p>\n<p>+ Cliente potencial: Y a saber qui\u00e9n es nuestro cliente potencial, qui\u00e9nes son las personas que consumen las terapias alternativas.<\/p>\n<p>+ Objetivos: Pero para eso vamos a fijarnos los objetivos correctos.<\/p>\n<p><strong>M\u00f3dulo 2<\/strong><\/p>\n<p>+ Tipos de contenido: Vamos a ver cu\u00e1les son los tipos de contenido que est\u00e1n en auge en tu nicho. Cu\u00e1les son los que tus seguidores prefieren.<\/p>\n<p>+ Estrategias: Vamos a aplicar t\u00e9cnicas y estrategias de contenidos y venta que atraigan seguidores o los mantengan fidelizados.<\/p>\n<p>+ Herramientas: Y vamos a aprender sobre herramientas que nos van a ayudar a hacer el trabajo m\u00e1s r\u00e1pido y m\u00e1s simple.<\/p>\n<p><strong>M\u00f3dulo 3<\/strong><\/p>\n<p>+ An\u00e1lisis: Analizar las acciones es fundamental para saber si las estrategias est\u00e1n yendo para donde queremos o no. Y vamos a aprender a hacerlo.<\/p>\n<p>+ Gesti\u00f3n de crisis: Y vamos a aprender a gestionar cuando tenemos alg\u00fan problema con un cliente.<\/p>\n<p>+ Ejercicios pr\u00e1cticos: Tambi\u00e9n vamos a ir haciendo ejercicios pr\u00e1cticos de cada paso para medir el nivel de aprendizaje y aplicaci\u00f3n.<\/p>\n<h1 style=\"text-align: center;\"><strong><span style=\"color: #cb91ad;\">DecretaGran<\/span><\/strong><\/h1>\n<h3><span style=\"color: #cb91ad;\"><strong>BONUSSSSSS!!!<\/strong><\/span><\/h3>\n<p>Vas a llevarte como bonus el E-Book<\/p>\n<p>Optimiz\u00e1 tu Instagram en 5 etapas con todos los trucos para\u00a0optimizar tu Instagram y dejarlo como un profesional.<\/p>\n<p>En una clase aparte dentro del m\u00f3dulo 3, te explico las 5 etapas para poder dejar tu perfil como un cohete,\u00a0para que complementes tu aprendizaje con el e-book.<\/p>\n<p>Adem\u00e1s trae plantillas para que puedas realizar tareas y practicar.<\/p>\n<p>Sin dudas, es un aporte muy valioso para tu entrenamientos.<\/p>\n<h1 style=\"text-align: center;\"><strong><span style=\"color: #cb91ad;\">DecretaGran<\/span><\/strong><\/h1>\n<h4><strong>Este es un resumen de lo que vas a obtener en esta masterclass<\/strong><\/h4>\n<p>\u2297ACCESO Inmediato.<\/p>\n<p>\u22973 M\u00d3DULOS llenos de formaci\u00f3n.<\/p>\n<p>\u2297V\u00cdDEOS, E-BOOKS Y TRAININGS especializados en Terapias alternativas.<\/p>\n<p>\u2297CLAVES para crear un calendario de contenidos especializado.<\/p>\n<p>\u2297HERRAMIENTAS DE TRABAJO y gesti\u00f3n de Instagram.<\/p>\n<p>\u2297ESTRATEGIAS efectivas en Instagram.<\/p>\n<p>\u2297CERTIFICADO\u00a0de finalizaci\u00f3n.<\/p>\n<p>\u2297EBOOK \u2013 Optimiza tu Instagram en 5 pasos<\/p>\n<h1 style=\"text-align: center;\"><strong><span style=\"color: #cb91ad;\">DecretaGran<\/span><\/strong><\/h1>\n<h3><strong>Adem\u00e1s<\/strong><\/h3>\n<p><span class=\"emoji emoji2705\" title=\"Marca de verificaci\u00f3n blanca\" role=\"button\" data-c=\"\u2705\">\u2705<\/span>\u00a0Vas a aprender a tu ritmo.<\/p>\n<p><span class=\"emoji emoji2705\" title=\"Marca de verificaci\u00f3n blanca\" role=\"button\" data-c=\"\u2705\">\u2705<\/span>\u00a0Pod\u00e9s entrar a la masterclass las veces que quieras.<\/p>\n<p><span class=\"emoji emoji2705\" title=\"Marca de verificaci\u00f3n blanca\" role=\"button\" data-c=\"\u2705\">\u2705<\/span>\u00a0Pod\u00e9s hacerla cuando quieras.<\/p>\n<p><span class=\"emoji emoji2705\" title=\"Marca de verificaci\u00f3n blanca\" role=\"button\" data-c=\"\u2705\">\u2705<\/span>\u00a0Me pod\u00e9s preguntar lo que necesites.<\/p>\n<p><span class=\"emoji emoji2705\" title=\"Marca de verificaci\u00f3n blanca\" role=\"button\" data-c=\"\u2705\">\u2705<\/span>\u00a0Tendr\u00e1s acceso ilimitado.<\/p>\n<p><span class=\"emoji emoji2705\" title=\"Marca de verificaci\u00f3n blanca\" role=\"button\" data-c=\"\u2705\">\u2705<\/span>\u00a0Vas a hablar con alguien que entiende a lo que te dedicas.<\/p>\n<p><span class=\"emoji emoji2705\" title=\"Marca de verificaci\u00f3n blanca\" role=\"button\" data-c=\"\u2705\">\u2705<\/span>\u00a0Tendr\u00e1s un certificado de finalizaci\u00f3n.<\/p>\n<p><span class=\"emoji emoji2705\" title=\"Marca de verificaci\u00f3n blanca\" role=\"button\" data-c=\"\u2705\">\u2705<\/span>\u00a0Vas a compartir con colegas que tienen las mismas dudas que vos.<\/p>\n<h2>\u00bfTen\u00e9s dudas?<\/h2>\n<p>Estas son las preguntas que m\u00e1s me hacen\u2026<\/p>\n<p>\u2297 \u00bfSe necesita tener conocimientos previos para empezar?<\/p>\n<p>No, no es necesario,\u00a0 pero aunque no lo creas todos vamos adquiriendo saberes tecno-sociales aunque no tomemos nota de ellos. As\u00ed que seguro que sabes m\u00e1s de lo que crees.<\/p>\n<p>\u2297 \u00bfQu\u00e9 terapias trabajas en la masterclass?<\/p>\n<p>En la masterclass vamos a hablar de algunas, no llegar\u00edamos a hablar de todas. Algunas de ellas son Reiki, Meditaci\u00f3n, Yoga, Sagrado Femenino y masculino,\u00a0 biodecodificaci\u00f3n, Registros ak\u00e1shicos, aromaterapia, biodanza, constelaciones familiares, cristaloterapia, nutrici\u00f3n, Reflexolog\u00eda, taping, eneagramas, Fen Huang Yuan, Fen shui, fitoterapia, Flores de Bach, Ho\u2019ponopono, Inteligencia emocional, etc.<\/p>\n<p>\u2297 \u00bfQui\u00e9n responder\u00e1 si tengo dudas?<\/p>\n<p>Yooo!!! con todo gusto y amor\u2026<\/p>\n<p>\u2297 \u00bfCu\u00e1nto tiempo dura la masterclass?<\/p>\n<p>Tiene una duraci\u00f3n de 98 minutos, pero vos pod\u00e9s hacerla en el tiempo que creas conveniente seg\u00fan tus horarios. Vas a tener acceso siempre, as\u00ed que lo pod\u00e9s hacer a tu ritmo.<\/p>\n<p>\u2297 \u00bfQu\u00e9 m\u00e9todos de pago hay?<\/p>\n<p>Trabajo con MercadoPago o con Transferencia bancaria. Se te env\u00eda factura C.<\/p>\n<h1 style=\"text-align: center;\">Convert\u00edte en un\/a profesional de Instagram en poco tiempo<\/h1>\n<h1 style=\"text-align: center;\">\u00bfTe lo vas a perder?<\/h1>\n<h1 style=\"text-align: center;\"><strong><span style=\"color: #cb91ad;\">\u00a1DecretaGran Aqu\u00ed y Ahora!<\/span><\/strong><\/h1>\n","protected":false},"excerpt":{"rendered":"<p>MasterClass sobre gesti\u00f3n de Instagram espec\u00edfico para el nicho de las Terapias Alternativas.<\/p>\n<p><span style=\"color: #cb91ad;\"><strong>\ud83d\udce2\u00a1DecretaGran Ahora!\ud83d\udce2<\/strong><\/span><\/p>\n<p>&nbsp;<\/p>\n","protected":false},"featured_media":1122,"comment_status":"open","ping_status":"closed","template":"","meta":[],"product_brand":[],"product_cat":[26,101],"product_tag":[42],"class_list":{"0":"post-320","1":"product","2":"type-product","3":"status-publish","4":"has-post-thumbnail","6":"product_cat-masterclass","7":"product_cat-online","8":"product_tag-masterclass","10":"first","11":"instock","12":"virtual","13":"sold-individually","14":"purchasable","15":"product-type-simple"},"_links":{"self":[{"href":"https:\/\/rominalazcano.com\/campus\/wp-json\/wp\/v2\/product\/320","targetHints":{"allow":["GET"]}}],"collection":[{"href":"https:\/\/rominalazcano.com\/campus\/wp-json\/wp\/v2\/product"}],"about":[{"href":"https:\/\/rominalazcano.com\/campus\/wp-json\/wp\/v2\/types\/product"}],"replies":[{"embeddable":true,"href":"https:\/\/rominalazcano.com\/campus\/wp-json\/wp\/v2\/comments?post=320"}],"version-history":[{"count":7,"href":"https:\/\/rominalazcano.com\/campus\/wp-json\/wp\/v2\/product\/320\/revisions"}],"predecessor-version":[{"id":1417,"href":"https:\/\/rominalazcano.com\/campus\/wp-json\/wp\/v2\/product\/320\/revisions\/1417"}],"wp:featuredmedia":[{"embeddable":true,"href":"https:\/\/rominalazcano.com\/campus\/wp-json\/wp\/v2\/media\/1122"}],"wp:attachment":[{"href":"https:\/\/rominalazcano.com\/campus\/wp-json\/wp\/v2\/media?parent=320"}],"wp:term":[{"taxonomy":"product_brand","embeddable":true,"href":"https:\/\/rominalazcano.com\/campus\/wp-json\/wp\/v2\/product_brand?post=320"},{"taxonomy":"product_cat","embeddable":true,"href":"https:\/\/rominalazcano.com\/campus\/wp-json\/wp\/v2\/product_cat?post=320"},{"taxonomy":"product_tag","embeddable":true,"href":"https:\/\/rominalazcano.com\/campus\/wp-json\/wp\/v2\/product_tag?post=320"}],"curies":[{"name":"wp","href":"https:\/\/api.w.org\/{rel}","templated":true}]}}