{"id":4316,"date":"2023-06-08T18:41:01","date_gmt":"2023-06-08T18:41:01","guid":{"rendered":"https:\/\/rominalazcano.com\/campus\/?post_type=product&#038;p=4316"},"modified":"2024-07-06T23:39:48","modified_gmt":"2024-07-06T23:39:48","slug":"planner-semestral-2-julio-diciembre","status":"publish","type":"product","link":"https:\/\/rominalazcano.com\/campus\/product\/planner-semestral-2-julio-diciembre\/","title":{"rendered":"Planner  semestral 2 (Julio-Diciembre)"},"content":{"rendered":"\t\t<div data-elementor-type=\"wp-post\" data-elementor-id=\"4316\" class=\"elementor elementor-4316\">\n\t\t\t\t\t\t<section class=\"elementor-section elementor-top-section elementor-element elementor-element-b25b2a6 elementor-section-boxed elementor-section-height-default elementor-section-height-default\" data-id=\"b25b2a6\" data-element_type=\"section\" data-e-type=\"section\">\n\t\t\t\t\t\t<div class=\"elementor-container elementor-column-gap-default\">\n\t\t\t\t\t<div class=\"elementor-column elementor-col-100 elementor-top-column elementor-element elementor-element-6b5b0a1\" data-id=\"6b5b0a1\" data-element_type=\"column\" data-e-type=\"column\">\n\t\t\t<div class=\"elementor-widget-wrap elementor-element-populated\">\n\t\t\t\t\t\t<div class=\"elementor-element elementor-element-e311c4a elementor-widget elementor-widget-heading\" data-id=\"e311c4a\" data-element_type=\"widget\" data-e-type=\"widget\" data-widget_type=\"heading.default\">\n\t\t\t\t<div class=\"elementor-widget-container\">\n\t\t\t\t\t<h2 class=\"elementor-heading-title elementor-size-default\">Planner SEMESTRAL 1 de ideas de contenido para Terapias Hol\u00edsticas<span style=\"font-family: var( --e-global-typography-primary-font-family ), Sans-serif;font-size: 1.618em;font-weight: var( --e-global-typography-primary-font-weight )\"><\/span><br><\/h2>\t\t\t\t<\/div>\n\t\t\t\t<\/div>\n\t\t\t\t<div class=\"elementor-element elementor-element-da1dd00 elementor-widget elementor-widget-text-editor\" data-id=\"da1dd00\" data-element_type=\"widget\" data-e-type=\"widget\" data-widget_type=\"text-editor.default\">\n\t\t\t\t<div class=\"elementor-widget-container\">\n\t\t\t\t\t\t\t\t\t<p><span style=\"vertical-align: inherit;\">\u00bfNo se te ocurre qu\u00e9 publicar? o no ten\u00e9s tiempo para sentarte a buscar? \u00bfNo sab\u00e9s qu\u00e9 tipo de contenidos empatizan m\u00e1s con tu p\u00fablico?<\/span><\/p><p><span style=\"vertical-align: inherit;\">En el planner de ideas de contenido\u00a0 te convido 6 meses de ideas probadas y analizadas para\u00a0 que plasmes en tus redes.<\/span><\/p><p><span style=\"vertical-align: inherit;\">Este <\/span><strong><span style=\"vertical-align: inherit;\">planner<\/span><\/strong><span style=\"vertical-align: inherit;\"><strong>\u00a0\u00a0<\/strong>de ideas de contenido\u00a0<span style=\"font-weight: 600;\">semestral<\/span>\u00a0est\u00e1 armado espec\u00edficamente para el nicho de las <strong>Terapias Hol\u00edsticas<\/strong>, para que no tengas que estar modificando o adaptando las ideas de otros nichos que no tengan tu mismo p\u00fablico objetivo.\u00a0<\/span><\/p><p>Se vienen muchas fechas importantes, as\u00ed que tambi\u00e9n te doy unas ideas estrat\u00e9gicas para esos d\u00edas puntuales. Vos sab\u00e9s que no es lo mismo contenido, que contenido estrat\u00e9gico. Y si no lo sab\u00e9s te cuento que el contenido estrat\u00e9gico, en este caso, es un contenido que est\u00e1 dirigido con un objetivo espec\u00edfico adem\u00e1s de los habituales, en este caso, ese contenido para estas fechas especiales, est\u00e1n dirigidos a vender m\u00e1s y mejor.<\/p><p><span style=\"vertical-align: inherit;\">Est\u00e1 armado con una idea para cada d\u00eda, pero\u00a0 vos pod\u00e9s cambiar los d\u00edas, es decir, si quer\u00e9s, pod\u00e9s tomar la idea del d\u00eda 5\u00a0 y ese contenido publicarlo el d\u00eda 10. Tomate la libertad de poner los contenidos del <\/span><strong><span style=\"vertical-align: inherit;\">planner semestral<\/span><\/strong><span style=\"vertical-align: inherit;\">\u00a0de contenido\u00a0 los d\u00edas\u00a0 que a vos te parezcan. (Salvo las fechas cruciales que no se puede cambiar)<\/span><\/p><p><span style=\"vertical-align: inherit;\">Adem\u00e1s, con est<strong>e <\/strong><\/span><strong><span style=\"vertical-align: inherit;\">planner\u00a0<\/span><\/strong><span style=\"font-weight: 600;\">semestral<\/span><strong><span style=\"vertical-align: inherit;\">\u00a0<\/span><\/strong><span style=\"vertical-align: inherit;\">de ideas de contenido<strong>, <\/strong>te incluyo tips, recursos y m\u00e1s ideas para que apliques.<\/span><\/p><p><span style=\"vertical-align: inherit;\">Las ideas de contenidos se adaptan a la terapia que realices, ya sea Registros Ak\u00e1shicos, Biodescodificaci\u00f3n, Reiki, Diksha, Musicoterapia,\u00a0 Access Consiousness, Tarot, Aromaterapia y muchas m\u00e1s, ya que contiene ideas de contenidos evergreen, es decir, que sirven para siempre y son los contenidos que consume tu p\u00fablico.<\/span><\/p><p><span style=\"vertical-align: inherit;\">Son contenidos que yo misma he probado en las cuentas de mis clientas, y funcionan, y sab\u00e9s por qu\u00e9? Porque al p\u00fablico que consume las terapias hol\u00edsticas, les encanta este contenido que plasm\u00e9 en el planner.<\/span><\/p><p><span style=\"vertical-align: inherit;\">Estoy segura de que el\u00a0<\/span><span style=\"vertical-align: inherit;\">planner anual <\/span><span style=\"vertical-align: inherit;\">te va a ahorrar mucho tiempo y te va a encantar porque lo hice con amor&#8230; (y eso se nota).<\/span><\/p><p><strong><img decoding=\"async\" class=\"emoji\" role=\"img\" draggable=\"false\" src=\"https:\/\/s.w.org\/images\/core\/emoji\/14.0.0\/svg\/1f381.svg\" alt=\"\ud83c\udf81\" \/>DE REGALO u<\/strong><strong>na plantilla de calendario semanal para que te imprimas.<\/strong><\/p><h4 style=\"text-align: center;\"><span style=\"color: #9f8ab5;\"><strong><span style=\"vertical-align: inherit;\">\u00a1\u00a1\u00a1Decret\u00e1 Gran Abundancia en tu Perfil!!!!<\/span><\/strong><\/span><\/h4><div><span style=\"color: #333333;\"><strong>\u00a0<\/strong><\/span><\/div><h4><span style=\"color: #333333;\"><span style=\"vertical-align: inherit;\">\u00bfRomi qu\u00e9 diferencia hay entre este planner y tu calendario estelar?<\/span><\/span><\/h4><p><span style=\"color: #333333;\"><span style=\"vertical-align: inherit;\">&#8211; Que este planner tiene ideas generales, y en el calendario estelar yo hago un estudio avanzado y m\u00e1s profundo de tu marca en particular y los contenidos se realizan en base a una estrategia espec\u00edfica para tu marca.<\/span><\/span><\/p><h4><span style=\"vertical-align: inherit;\">\u00bfSe puede pagar en d\u00f3lares?<\/span><\/h4><p><span style=\"vertical-align: inherit;\">-Si, en el carrito le cambi\u00e1s la moneda y listo.<\/span><\/p><h4>\u00bfHay otras formas de pago?<\/h4><p>S\u00ed, pod\u00e9s abondar por transferencia bancaria (mandame un mail a estudiantes@rominalazcano.com o un <a href=\"https:\/\/wa.me\/message\/ERTR5RX5BVJYM1\" rel=\"noopener\">mensaje <\/a>y te env\u00edo los datos)<\/p><p>Adem\u00e1s pod\u00e9s pagar por la opci\u00f3n &#8220;enviar dinero&#8221; de MercadoPago al usuario romina_lazcano@yahoo.com.ar\u00a0<\/p><h4><span style=\"vertical-align: inherit;\">\u00bfLuego de comprar c\u00f3mo obtengo el planner?<\/span><\/h4><p><span style=\"vertical-align: inherit;\">-Luego de abonar, el sistema te va a llevar a\u00a0 tu cuenta. En el men\u00fa entr\u00e1 a Estudiantes, y ah\u00ed lo vas a ver como si fuese un curso (no es un curso pero est\u00e1 agregado como curso para que puedas descargar los PFD.) Entr\u00e1 al curso y mir\u00e1 la clase 1 (es la \u00fanica que hay) y vas a ver que en los links de la clase pod\u00e9s descargarte los PDF. (Uno es el planner, y otro es la plantilla de calendario)<\/span><\/p><p><span style=\"vertical-align: inherit;\">Si ten\u00e9s alguna pregunta, envi\u00e1me un e-mail o un mensaje directo por Instagram @decreatagran\u00a0<\/span><\/p><p>Si todav\u00eda no me segu\u00eds en Instagram y sos nuevo por estos rumbos, te invito a que me sigas, siempre comparto contenido de valor por all\u00ed tambi\u00e9n <a href=\"https:\/\/www.instagram.com\/decretagran\/\" rel=\"noopener\">DECRETAGRAN<\/a><\/p><p><span style=\"vertical-align: inherit;\">Te veo pronto!!!<\/span><\/p><p><img decoding=\"async\" class=\"emoji\" role=\"img\" draggable=\"false\" src=\"https:\/\/s.w.org\/images\/core\/emoji\/14.0.0\/svg\/1f49c.svg\" alt=\"\ud83d\udc9c\" \/><span style=\"vertical-align: inherit;\"> Besoss\u00a0<\/span><\/p><p>Si quer\u00e9s ver m\u00e1s de mis servicios entr\u00e1 en la <a href=\"https:\/\/rominalazcano.com\/campus\/tienda\/\">TIENDA\u00a0<\/a><\/p>\t\t\t\t\t\t\t\t<\/div>\n\t\t\t\t<\/div>\n\t\t\t\t\t<\/div>\n\t\t<\/div>\n\t\t\t\t\t<\/div>\n\t\t<\/section>\n\t\t\t\t<section class=\"elementor-section elementor-top-section elementor-element elementor-element-e37f1c5 elementor-section-full_width elementor-section-height-default elementor-section-height-default\" data-id=\"e37f1c5\" data-element_type=\"section\" data-e-type=\"section\">\n\t\t\t\t\t\t<div class=\"elementor-container elementor-column-gap-default\">\n\t\t\t\t\t<div class=\"elementor-column elementor-col-100 elementor-top-column elementor-element elementor-element-7a8e5e4\" data-id=\"7a8e5e4\" data-element_type=\"column\" data-e-type=\"column\">\n\t\t\t<div class=\"elementor-widget-wrap elementor-element-populated\">\n\t\t\t\t\t\t<div class=\"elementor-element elementor-element-3d14a9b elementor-widget elementor-widget-heading\" data-id=\"3d14a9b\" data-element_type=\"widget\" data-e-type=\"widget\" data-widget_type=\"heading.default\">\n\t\t\t\t<div class=\"elementor-widget-container\">\n\t\t\t\t\t<h2 class=\"elementor-heading-title elementor-size-default\">Algunos testimonios<\/h2>\t\t\t\t<\/div>\n\t\t\t\t<\/div>\n\t\t\t\t<div class=\"elementor-element elementor-element-4204a4c elementor-widget elementor-widget-text-editor\" data-id=\"4204a4c\" data-element_type=\"widget\" data-e-type=\"widget\" data-widget_type=\"text-editor.default\">\n\t\t\t\t<div class=\"elementor-widget-container\">\n\t\t\t\t\t\t\t\t\t<p>Ac\u00e1 te muestro los testimonios de algunas de las brujis que ya compraron el planner en otras ocasiones y quedaron muy felices, y yo tambi\u00e9n por haber podido contribuirles. Ojal\u00e1 que tambi\u00e9n pueda contribuirte a vos!!!\u00a0<\/p><p>Yo s\u00e9 que generar ideas a veces puede ser agotador, ponerte a buscarlas, m\u00e1s! te quita tiempo de poder atender a tus pacientes, o de hacer otras cosas que te gustan. Las redes llevan tiempo, paciencia, constancia y s\u00ed, conozco las ganas\u00a0 que se sienten\u00a0 de tirar la toalla. Pero no lo hagas! Con este planner te ahorro todo el tiempo de pensar \u00bfQu\u00e9 chucha publico hoy?<\/p>\t\t\t\t\t\t\t\t<\/div>\n\t\t\t\t<\/div>\n\t\t\t\t\t<\/div>\n\t\t<\/div>\n\t\t\t\t\t<\/div>\n\t\t<\/section>\n\t\t\t\t<section class=\"elementor-section elementor-top-section elementor-element elementor-element-3a6fb6b elementor-section-boxed elementor-section-height-default elementor-section-height-default\" data-id=\"3a6fb6b\" data-element_type=\"section\" data-e-type=\"section\">\n\t\t\t\t\t\t<div class=\"elementor-container elementor-column-gap-default\">\n\t\t\t\t\t<div class=\"elementor-column elementor-col-100 elementor-top-column elementor-element elementor-element-a1375c1\" data-id=\"a1375c1\" data-element_type=\"column\" data-e-type=\"column\">\n\t\t\t<div class=\"elementor-widget-wrap elementor-element-populated\">\n\t\t\t\t\t\t<div class=\"elementor-element elementor-element-0efb858 elementor-arrows-position-inside elementor-pagination-position-outside elementor-widget elementor-widget-image-carousel\" data-id=\"0efb858\" data-element_type=\"widget\" data-e-type=\"widget\" data-settings=\"{&quot;navigation&quot;:&quot;both&quot;,&quot;autoplay&quot;:&quot;yes&quot;,&quot;pause_on_hover&quot;:&quot;yes&quot;,&quot;pause_on_interaction&quot;:&quot;yes&quot;,&quot;autoplay_speed&quot;:5000,&quot;infinite&quot;:&quot;yes&quot;,&quot;speed&quot;:500}\" data-widget_type=\"image-carousel.default\">\n\t\t\t\t<div class=\"elementor-widget-container\">\n\t\t\t\t\t\t\t<div class=\"elementor-image-carousel-wrapper swiper\" role=\"region\" aria-roledescription=\"carousel\" aria-label=\"Carrusel de im\u00e1genes\" dir=\"ltr\">\n\t\t\t<div class=\"elementor-image-carousel swiper-wrapper\" aria-live=\"off\">\n\t\t\t\t\t\t\t\t<div class=\"swiper-slide\" role=\"group\" aria-roledescription=\"slide\" aria-label=\"1 de 5\"><figure class=\"swiper-slide-inner\"><img decoding=\"async\" class=\"swiper-slide-image\" src=\"https:\/\/rominalazcano.com\/campus\/wp-content\/uploads\/2021\/10\/thumbnail-150x150.jpg\" alt=\"thumbnail\" \/><\/figure><\/div><div class=\"swiper-slide\" role=\"group\" aria-roledescription=\"slide\" aria-label=\"2 de 5\"><figure class=\"swiper-slide-inner\"><img decoding=\"async\" class=\"swiper-slide-image\" src=\"https:\/\/rominalazcano.com\/campus\/wp-content\/uploads\/2021\/10\/thumbnail-2-150x150.jpg\" alt=\"planner de contenidos\" \/><\/figure><\/div><div class=\"swiper-slide\" role=\"group\" aria-roledescription=\"slide\" aria-label=\"3 de 5\"><figure class=\"swiper-slide-inner\"><img decoding=\"async\" class=\"swiper-slide-image\" src=\"https:\/\/rominalazcano.com\/campus\/wp-content\/uploads\/2021\/10\/Screenshot_2021-10-12-11-03-52-255_com.instagram.android-150x150.jpg\" alt=\"Screenshot_2021-10-12-11-03-52-255_com.instagram.android\" \/><\/figure><\/div><div class=\"swiper-slide\" role=\"group\" aria-roledescription=\"slide\" aria-label=\"4 de 5\"><figure class=\"swiper-slide-inner\"><img decoding=\"async\" class=\"swiper-slide-image\" src=\"https:\/\/rominalazcano.com\/campus\/wp-content\/uploads\/2021\/10\/Screenshot_2021-10-12-11-03-47-886_com.instagram.android-150x150.jpg\" alt=\"Screenshot_2021-10-12-11-03-47-886_com.instagram.android\" \/><\/figure><\/div><div class=\"swiper-slide\" role=\"group\" aria-roledescription=\"slide\" aria-label=\"5 de 5\"><figure class=\"swiper-slide-inner\"><img decoding=\"async\" class=\"swiper-slide-image\" src=\"https:\/\/rominalazcano.com\/campus\/wp-content\/uploads\/2021\/10\/Screenshot_2021-10-12-11-03-41-357_com.instagram.android-150x150.jpg\" alt=\"Screenshot_2021-10-12-11-03-41-357_com.instagram.android\" \/><\/figure><\/div>\t\t\t<\/div>\n\t\t\t\t\t\t\t\t\t\t\t\t<div class=\"elementor-swiper-button elementor-swiper-button-prev\" role=\"button\" tabindex=\"0\">\n\t\t\t\t\t\t<svg aria-hidden=\"true\" class=\"e-font-icon-svg e-eicon-chevron-left\" viewBox=\"0 0 1000 1000\" xmlns=\"http:\/\/www.w3.org\/2000\/svg\"><path d=\"M646 125C629 125 613 133 604 142L308 442C296 454 292 471 292 487 292 504 296 521 308 533L604 854C617 867 629 875 646 875 663 875 679 871 692 858 704 846 713 829 713 812 713 796 708 779 692 767L438 487 692 225C700 217 708 204 708 187 708 171 704 154 692 142 675 129 663 125 646 125Z\"><\/path><\/svg>\t\t\t\t\t<\/div>\n\t\t\t\t\t<div class=\"elementor-swiper-button elementor-swiper-button-next\" role=\"button\" tabindex=\"0\">\n\t\t\t\t\t\t<svg aria-hidden=\"true\" class=\"e-font-icon-svg e-eicon-chevron-right\" viewBox=\"0 0 1000 1000\" xmlns=\"http:\/\/www.w3.org\/2000\/svg\"><path d=\"M696 533C708 521 713 504 713 487 713 471 708 454 696 446L400 146C388 133 375 125 354 125 338 125 325 129 313 142 300 154 292 171 292 187 292 204 296 221 308 233L563 492 304 771C292 783 288 800 288 817 288 833 296 850 308 863 321 871 338 875 354 875 371 875 388 867 400 854L696 533Z\"><\/path><\/svg>\t\t\t\t\t<\/div>\n\t\t\t\t\n\t\t\t\t\t\t\t\t\t<div class=\"swiper-pagination\"><\/div>\n\t\t\t\t\t\t\t\t\t<\/div>\n\t\t\t\t\t\t<\/div>\n\t\t\t\t<\/div>\n\t\t\t\t\t<\/div>\n\t\t<\/div>\n\t\t\t\t\t<\/div>\n\t\t<\/section>\n\t\t\t\t<\/div>\n\t\t","protected":false},"excerpt":{"rendered":"<p>\ud83d\ude4c Planner SEMESTRAL <span style=\"color: #ff99cc;\"><strong>( JULIO A DICIEMBRE)\u00a0<\/strong><\/span> de ideas de contenidos espec\u00edficos para Terapias Hol\u00edsticas<\/p>\n<p>\u2b07Mir\u00e1 la descripci\u00f3n\u2b07<\/p>\n","protected":false},"featured_media":2380,"comment_status":"open","ping_status":"closed","template":"","meta":[],"product_brand":[],"product_cat":[33,27,44],"product_tag":[75,78,72],"class_list":{"0":"post-4316","1":"product","2":"type-product","3":"status-publish","4":"has-post-thumbnail","6":"product_cat-calendario","7":"product_cat-contenidos","8":"product_cat-planner","9":"product_tag-ideas-de-contenidos","10":"product_tag-planner-planner","11":"product_tag-redes-sociales","13":"first","14":"instock","15":"featured","16":"virtual","17":"purchasable","18":"product-type-simple"},"_links":{"self":[{"href":"https:\/\/rominalazcano.com\/campus\/wp-json\/wp\/v2\/product\/4316","targetHints":{"allow":["GET"]}}],"collection":[{"href":"https:\/\/rominalazcano.com\/campus\/wp-json\/wp\/v2\/product"}],"about":[{"href":"https:\/\/rominalazcano.com\/campus\/wp-json\/wp\/v2\/types\/product"}],"replies":[{"embeddable":true,"href":"https:\/\/rominalazcano.com\/campus\/wp-json\/wp\/v2\/comments?post=4316"}],"version-history":[{"count":1,"href":"https:\/\/rominalazcano.com\/campus\/wp-json\/wp\/v2\/product\/4316\/revisions"}],"predecessor-version":[{"id":4317,"href":"https:\/\/rominalazcano.com\/campus\/wp-json\/wp\/v2\/product\/4316\/revisions\/4317"}],"wp:featuredmedia":[{"embeddable":true,"href":"https:\/\/rominalazcano.com\/campus\/wp-json\/wp\/v2\/media\/2380"}],"wp:attachment":[{"href":"https:\/\/rominalazcano.com\/campus\/wp-json\/wp\/v2\/media?parent=4316"}],"wp:term":[{"taxonomy":"product_brand","embeddable":true,"href":"https:\/\/rominalazcano.com\/campus\/wp-json\/wp\/v2\/product_brand?post=4316"},{"taxonomy":"product_cat","embeddable":true,"href":"https:\/\/rominalazcano.com\/campus\/wp-json\/wp\/v2\/product_cat?post=4316"},{"taxonomy":"product_tag","embeddable":true,"href":"https:\/\/rominalazcano.com\/campus\/wp-json\/wp\/v2\/product_tag?post=4316"}],"curies":[{"name":"wp","href":"https:\/\/api.w.org\/{rel}","templated":true}]}}