{"id":6018,"date":"2024-12-01T23:53:20","date_gmt":"2024-12-01T23:53:20","guid":{"rendered":"https:\/\/rominalazcano.com\/campus\/?post_type=product&#038;p=6018"},"modified":"2025-05-11T17:50:39","modified_gmt":"2025-05-11T17:50:39","slug":"inteligencia-artificial-holistica","status":"publish","type":"product","link":"https:\/\/rominalazcano.com\/campus\/product\/inteligencia-artificial-holistica\/","title":{"rendered":"5 Maneras de integrar la Inteligencia Artificial En Terapias Hol\u00edsticas"},"content":{"rendered":"\t\t<div data-elementor-type=\"wp-post\" data-elementor-id=\"6018\" class=\"elementor elementor-6018\">\n\t\t\t\t\t\t<section class=\"elementor-section elementor-top-section elementor-element elementor-element-365747f6 elementor-section-boxed elementor-section-height-default elementor-section-height-default\" data-id=\"365747f6\" data-element_type=\"section\" data-e-type=\"section\">\n\t\t\t\t\t\t<div class=\"elementor-container elementor-column-gap-default\">\n\t\t\t\t\t<div class=\"elementor-column elementor-col-100 elementor-top-column elementor-element elementor-element-65d704ee\" data-id=\"65d704ee\" data-element_type=\"column\" data-e-type=\"column\">\n\t\t\t<div class=\"elementor-widget-wrap elementor-element-populated\">\n\t\t\t\t\t\t<div class=\"elementor-element elementor-element-422f24e2 elementor-widget elementor-widget-text-editor\" data-id=\"422f24e2\" data-element_type=\"widget\" data-e-type=\"widget\" data-widget_type=\"text-editor.default\">\n\t\t\t\t<div class=\"elementor-widget-container\">\n\t\t\t\t\t\t\t\t\t<p>\u00bfAlguna vez so\u00f1aste con liberar tu tiempo, llegar a m\u00e1s personas y potenciar tu pr\u00e1ctica sin perder tu toque personal? Esta gu\u00eda es TU oportunidad para dar el salto hacia una nueva era en las terapias hol\u00edsticas.<\/p><p>El mundo cambia, y las terapias hol\u00edsticas tambi\u00e9n. Si quer\u00e9s llevar tu pr\u00e1ctica al pr\u00f3ximo nivel y destacarte en un mercado cada vez m\u00e1s competitivo, <strong>\u201c5 Maneras de Integrar la Inteligencia Artificial en tu Pr\u00e1ctica Hol\u00edstica\u201d<\/strong> es el recurso esencial que necesit\u00e1s.<\/p><p>En esta gu\u00eda, creada especialmente para terapeutas hol\u00edsticas, te muestro c\u00f3mo usar <strong>ChatGPT<\/strong>, una de las herramientas m\u00e1s revolucionarias de inteligencia artificial, para transformar tu forma de trabajar, optimizar tu tiempo y conectar m\u00e1s profundamente con tus pacientes.<\/p><p>Por solo <strong>3 USD<\/strong>, acced\u00e9s a un material pr\u00e1ctico, directo y pensado para que empieces a ver resultados desde el d\u00eda uno.<\/p><h3><strong>La Falta de Tiempo: Un Obst\u00e1culo que Pod\u00e9s Superar<\/strong><\/h3><p><strong>Reflexionemos juntas:<\/strong><br \/>\u00bfCu\u00e1ntas veces quisiste crear ese nuevo taller que so\u00f1\u00e1s, pero no encontraste el tiempo? \u00bfO cu\u00e1nto te encantar\u00eda tener una tarde libre para vos, pero tus d\u00edas est\u00e1n llenos de mensajes, publicaciones y planificaci\u00f3n?<\/p><p>El tiempo es uno de los recursos m\u00e1s valiosos que tenemos, y tambi\u00e9n uno de los m\u00e1s limitados. Sin darnos cuenta, muchas veces lo malgastamos en tareas operativas que podr\u00edamos delegar. <strong>Ah\u00ed es donde ChatGPT entra en acci\u00f3n.<\/strong><\/p><p>Esta gu\u00eda te muestra c\u00f3mo usar ChatGPT para que esas tareas que hoy parecen interminables se conviertan en cosas que \u201csimplemente pasan\u201d, mientras vos recuper\u00e1s el control de tu tiempo y tu vida.<\/p><h3><strong>\u00bfQu\u00e9 es la Inteligencia Artificial y por qu\u00e9 deber\u00eda interesarte?<\/strong><\/h3><p>La inteligencia artificial (IA) no es solo para empresas tecnol\u00f3gicas. Hoy, terapeutas hol\u00edsticos como vos pueden aprovechar herramientas basadas en IA para mejorar la experiencia de sus pacientes, optimizar el tiempo y expandir su alcance. La IA no reemplaza tu esencia, sino que complementa lo que ya hac\u00e9s, permiti\u00e9ndote conectar de manera m\u00e1s eficiente con tus clientes y con vos misma.<\/p><p>Esta gu\u00eda te muestra c\u00f3mo utilizarla de forma pr\u00e1ctica, f\u00e1cil y alineada con los valores del mundo hol\u00edstico.<\/p><h3><strong>\u00bfQu\u00e9 Es ChatGPT y Por Qu\u00e9 Deber\u00edas Usarlo?<\/strong><\/h3><p>ChatGPT es un modelo de inteligencia artificial dise\u00f1ado para comprender y generar texto de forma natural y personalizada. En pocas palabras, es como tener un asistente personal que te ayuda con tareas clave de tu pr\u00e1ctica, permiti\u00e9ndote enfocarte en lo que realmente importa: acompa\u00f1ar a tus pacientes en su camino de sanaci\u00f3n.<\/p><p>Esta gu\u00eda te ense\u00f1a c\u00f3mo aprovechar ChatGPT al m\u00e1ximo, con ejemplos pr\u00e1cticos, prompts espec\u00edficos y estrategias adaptadas a tu nicho.<\/p><h3><strong>\u00bfPor Qu\u00e9 Esta Gu\u00eda Es Distinta?<\/strong><\/h3><p>Mientras otros materiales se limitan a hablar de tecnolog\u00eda de forma general, esta gu\u00eda es espec\u00edfica. Todo el contenido est\u00e1 dise\u00f1ado para terapeutas hol\u00edsticas, con un enfoque 100% pr\u00e1ctico y accesible.<\/p><p><strong>Beneficios Clave:<\/strong><br \/>\u2714\ufe0f No necesit\u00e1s conocimientos previos en tecnolog\u00eda.<br \/>\u2714\ufe0f Aprend\u00e9s a usar ChatGPT de manera simple y eficiente.<br \/>\u2714\ufe0f Aplic\u00e1s estrategias personalizadas para tu negocio hol\u00edstico.<\/p><h3><strong>\u00bfPor Qu\u00e9 Esta Gu\u00eda Es Una Inversi\u00f3n en Vos Misma?<\/strong><\/h3><p>\ud83d\udca1 <strong>Porque te devuelve tiempo.<\/strong> Cada hora que gan\u00e1s con estas estrategias es una hora que pod\u00e9s usar para lo que realmente am\u00e1s: estar con tu familia, crear nuevos proyectos o simplemente descansar.<\/p><p>\ud83d\udca1 <strong>Porque te moderniza.<\/strong> El mundo avanza r\u00e1pido, y esta gu\u00eda te muestra c\u00f3mo adaptarte sin complicaciones.<\/p><p>\ud83d\udca1 <strong>Porque es accesible.<\/strong> Por solo 3 d\u00f3lares, acced\u00e9s a un recurso que puede cambiar por completo tu forma de trabajar.<\/p><p>\ud83d\udca1 <strong>ChatGPT est\u00e1 transformando el mundo<\/strong>, y esta gu\u00eda te muestra c\u00f3mo aprovecharlo para transformar tambi\u00e9n tu pr\u00e1ctica.<\/p><p>\ud83d\udca1 <strong>Es tu momento de innovar<\/strong>. La tecnolog\u00eda est\u00e1 avanzando, y esta es tu oportunidad para adaptarte y destacar.<\/p><h3><strong>\u00bfPara Qui\u00e9n Es Esta Gu\u00eda?<\/strong><\/h3><p>Esta gu\u00eda es ideal para terapeutas hol\u00edsticas que:<\/p><ul><li>Quieren ahorrar tiempo y energ\u00eda en tareas repetitivas.<\/li><li>Buscan destacarse en un mercado saturado con contenido innovador.<\/li><li>Necesitan herramientas pr\u00e1cticas para llegar a m\u00e1s pacientes.<\/li><\/ul><hr \/><h3><strong>No Lo Postergues M\u00e1s: La IA Es Ahora<\/strong><\/h3><p>Cada d\u00eda que pasa sin incorporar herramientas como ChatGPT, es un d\u00eda en que podr\u00edas estar avanzando hacia una pr\u00e1ctica m\u00e1s eficiente y conectada. No te quedes atr\u00e1s.<\/p><p>\ud83d\udc49 <strong>Compr\u00e1 ahora<\/strong> y descubr\u00ed c\u00f3mo ChatGPT puede transformar tu negocio hol\u00edstico.<\/p><p><strong>Tu futuro empieza hoy.<\/strong><\/p><p>\u00a0<\/p><p>\u00a0<\/p>\t\t\t\t\t\t\t\t<\/div>\n\t\t\t\t<\/div>\n\t\t\t\t\t<\/div>\n\t\t<\/div>\n\t\t\t\t\t<\/div>\n\t\t<\/section>\n\t\t\t\t<\/div>\n\t\t","protected":false},"excerpt":{"rendered":"<p>5 Maneras de integrar la Inteligencia Artificial a tu pr\u00e1ctica Hol\u00edstica-<\/p>\n<p>LA GU\u00cdA con ejercicios pr\u00e1cticos.<\/p>\n","protected":false},"featured_media":6019,"comment_status":"open","ping_status":"closed","template":"","meta":[],"product_brand":[],"product_cat":[122],"product_tag":[125,123,124],"class_list":{"0":"post-6018","1":"product","2":"type-product","3":"status-publish","4":"has-post-thumbnail","6":"product_cat-inteligencia-artificial","7":"product_tag-guiada","8":"product_tag-ia","9":"product_tag-inteligencia-artificial","11":"first","12":"instock","13":"downloadable","14":"shipping-taxable","15":"purchasable","16":"product-type-simple"},"_links":{"self":[{"href":"https:\/\/rominalazcano.com\/campus\/wp-json\/wp\/v2\/product\/6018","targetHints":{"allow":["GET"]}}],"collection":[{"href":"https:\/\/rominalazcano.com\/campus\/wp-json\/wp\/v2\/product"}],"about":[{"href":"https:\/\/rominalazcano.com\/campus\/wp-json\/wp\/v2\/types\/product"}],"replies":[{"embeddable":true,"href":"https:\/\/rominalazcano.com\/campus\/wp-json\/wp\/v2\/comments?post=6018"}],"version-history":[{"count":5,"href":"https:\/\/rominalazcano.com\/campus\/wp-json\/wp\/v2\/product\/6018\/revisions"}],"predecessor-version":[{"id":6733,"href":"https:\/\/rominalazcano.com\/campus\/wp-json\/wp\/v2\/product\/6018\/revisions\/6733"}],"wp:featuredmedia":[{"embeddable":true,"href":"https:\/\/rominalazcano.com\/campus\/wp-json\/wp\/v2\/media\/6019"}],"wp:attachment":[{"href":"https:\/\/rominalazcano.com\/campus\/wp-json\/wp\/v2\/media?parent=6018"}],"wp:term":[{"taxonomy":"product_brand","embeddable":true,"href":"https:\/\/rominalazcano.com\/campus\/wp-json\/wp\/v2\/product_brand?post=6018"},{"taxonomy":"product_cat","embeddable":true,"href":"https:\/\/rominalazcano.com\/campus\/wp-json\/wp\/v2\/product_cat?post=6018"},{"taxonomy":"product_tag","embeddable":true,"href":"https:\/\/rominalazcano.com\/campus\/wp-json\/wp\/v2\/product_tag?post=6018"}],"curies":[{"name":"wp","href":"https:\/\/api.w.org\/{rel}","templated":true}]}}