{"id":948,"date":"2021-07-15T23:56:52","date_gmt":"2021-07-15T23:56:52","guid":{"rendered":"https:\/\/rominalazcano.com\/campus\/?post_type=product&#038;p=948"},"modified":"2025-03-31T21:47:51","modified_gmt":"2025-03-31T21:47:51","slug":"biodecodificacion-consultoria","status":"publish","type":"product","link":"https:\/\/rominalazcano.com\/campus\/product\/biodecodificacion-consultoria\/","title":{"rendered":"Biodecodificaci\u00f3n &#8211; Consultor\u00eda Personalizada"},"content":{"rendered":"\t\t<div data-elementor-type=\"wp-post\" data-elementor-id=\"948\" class=\"elementor elementor-948\">\n\t\t\t\t\t\t<section class=\"elementor-section elementor-top-section elementor-element elementor-element-5e73d1b1 elementor-section-boxed elementor-section-height-default elementor-section-height-default\" data-id=\"5e73d1b1\" data-element_type=\"section\" data-e-type=\"section\">\n\t\t\t\t\t\t<div class=\"elementor-container elementor-column-gap-default\">\n\t\t\t\t\t<div class=\"elementor-column elementor-col-100 elementor-top-column elementor-element elementor-element-15da7800\" data-id=\"15da7800\" data-element_type=\"column\" data-e-type=\"column\">\n\t\t\t<div class=\"elementor-widget-wrap elementor-element-populated\">\n\t\t\t\t\t\t<div class=\"elementor-element elementor-element-33cbcda6 elementor-widget elementor-widget-text-editor\" data-id=\"33cbcda6\" data-element_type=\"widget\" data-e-type=\"widget\" data-widget_type=\"text-editor.default\">\n\t\t\t\t<div class=\"elementor-widget-container\">\n\t\t\t\t\t\t\t\t\t<h2><strong><span style=\"color: #c98eac;\">Biodecodificaci\u00f3n &#8211; Consultor\u00eda personalizada<\/span><\/strong><\/h2><p>Ya sabemos que gestionar una red social no es tan f\u00e1cil como pens\u00e1bamos \u00bfcierto? Tampoco es f\u00e1cil elegir la web, tienda online donde vamos a vender nuestros productos\/servicios. Y las campa\u00f1as de marketing digital, promociones, etc. que necesitemos realizar.<\/p><p>Siempre tenemos dudas o nos van surgiendo a medida que vamos aprendiendo nuevas metodolog\u00edas.<\/p><p><strong>Para eso he creado las sesiones de Biodecodificaci\u00f3n &#8211; consultor\u00eda\/asesor\u00eda, para poder ayudarte, para que juntos podamos encontrar esas enfermedades que est\u00e1n atacando a tu negocio, y ver desde d\u00f3nde se originan para poder accionar sobre ellos de manera efectiva.\u00a0\u00a0<\/strong><\/p><p>\u00bfEst\u00e1s teniendo un bloqueo en tu cuenta de Instagram? \u00bfTe gusta gestionar la cuenta? \u00bf Te sent\u00eds bien cuando ten\u00e9s que generar el contenido? \u00bfNo sab\u00e9s qu\u00e9 tienda online elegir? \u00bfNo conoc\u00e9s estrategias de marketing que pueden impulsar tu negocio? \u00bfTe cuesta ordenar los pasos a seguir?<\/p><p>Siempre acordate que como vibramos, es como atraemos&#8230; \u00bfcierto?<\/p><p>Si sent\u00eds alg\u00fan tipo de bloqueo, este servicio es para vos. No dudes en consultarme y voy a asesorarte de la mejor manera posible para que puedas despegar con tu negocio.<\/p><p><em><strong>\u00bfC\u00f3mo lo hacemos?<\/strong><\/em><\/p><p>Una vez realizada la compra del servicio, el sistema de redirigir\u00e1 a una p\u00e1gina donde me podr\u00e1s enviar por whatsapp, para que coordinemos un d\u00eda y un horario para encontrarnos v\u00eda zoom o meet, y la cantidad de horas que hayas abonado.<\/p><p><em><strong>\u00bfA qui\u00e9nes est\u00e1 dirigido?<\/strong><\/em><\/p><p>A empresas y emprendedores que est\u00e9n interesados en mejorar sus estrategias comerciales y generaci\u00f3n de comunidades, realizando acciones que incrementen las interacciones de los usuarios en sus perfiles. A todos aquellos que sientan que no est\u00e1n pudiendo avanzar con sus cuentas de Instagram y\/o Facebook.<\/p><p>Sugerencias para abordar la consultor\u00eda y optimizar el tiempo<\/p><ul><li>Preparate una lista de preguntas que quieras realizarme\u00a0 antes del d\u00eda de la consulta. De esta manera optimizaremos mucho m\u00e1s el tiempo y vamos directo a lo concreto.<\/li><\/ul>\t\t\t\t\t\t\t\t<\/div>\n\t\t\t\t<\/div>\n\t\t\t\t\t<\/div>\n\t\t<\/div>\n\t\t\t\t\t<\/div>\n\t\t<\/section>\n\t\t\t\t<\/div>\n\t\t","protected":false},"excerpt":{"rendered":"<h2><strong><span style=\"color: #c98eac;\">Biodescodificaci\u00f3n &#8211; Consultor\u00eda personalizada<\/span><\/strong><\/h2>\n<p>El precio es por HORA.<\/p>\n<p>Si necesit\u00e1s sacarte dudas y hacerme preguntas espec\u00edficas sobre tu negocio este servicio es para vos.<\/p>\n<p><img decoding=\"async\" class=\"emoji\" role=\"img\" draggable=\"false\" src=\"https:\/\/s.w.org\/images\/core\/emoji\/13.0.1\/svg\/1f447.svg\" alt=\"\ud83d\udc47\" \/>\u00a0Abajo te dejo los detalles.<\/p>\n","protected":false},"featured_media":949,"comment_status":"open","ping_status":"closed","template":"","meta":[],"product_brand":[],"product_cat":[39,37],"product_tag":[32],"class_list":{"0":"post-948","1":"product","2":"type-product","3":"status-publish","4":"has-post-thumbnail","6":"product_cat-biodecodificacion","7":"product_cat-consultoria","8":"product_tag-consultoria","10":"first","11":"instock","12":"shipping-taxable","13":"purchasable","14":"product-type-simple"},"_links":{"self":[{"href":"https:\/\/rominalazcano.com\/campus\/wp-json\/wp\/v2\/product\/948","targetHints":{"allow":["GET"]}}],"collection":[{"href":"https:\/\/rominalazcano.com\/campus\/wp-json\/wp\/v2\/product"}],"about":[{"href":"https:\/\/rominalazcano.com\/campus\/wp-json\/wp\/v2\/types\/product"}],"replies":[{"embeddable":true,"href":"https:\/\/rominalazcano.com\/campus\/wp-json\/wp\/v2\/comments?post=948"}],"version-history":[{"count":4,"href":"https:\/\/rominalazcano.com\/campus\/wp-json\/wp\/v2\/product\/948\/revisions"}],"predecessor-version":[{"id":1851,"href":"https:\/\/rominalazcano.com\/campus\/wp-json\/wp\/v2\/product\/948\/revisions\/1851"}],"wp:featuredmedia":[{"embeddable":true,"href":"https:\/\/rominalazcano.com\/campus\/wp-json\/wp\/v2\/media\/949"}],"wp:attachment":[{"href":"https:\/\/rominalazcano.com\/campus\/wp-json\/wp\/v2\/media?parent=948"}],"wp:term":[{"taxonomy":"product_brand","embeddable":true,"href":"https:\/\/rominalazcano.com\/campus\/wp-json\/wp\/v2\/product_brand?post=948"},{"taxonomy":"product_cat","embeddable":true,"href":"https:\/\/rominalazcano.com\/campus\/wp-json\/wp\/v2\/product_cat?post=948"},{"taxonomy":"product_tag","embeddable":true,"href":"https:\/\/rominalazcano.com\/campus\/wp-json\/wp\/v2\/product_tag?post=948"}],"curies":[{"name":"wp","href":"https:\/\/api.w.org\/{rel}","templated":true}]}}