{"id":952,"date":"2021-07-16T00:05:34","date_gmt":"2021-07-16T00:05:34","guid":{"rendered":"https:\/\/rominalazcano.com\/campus\/?post_type=product&#038;p=952"},"modified":"2025-03-31T21:47:45","modified_gmt":"2025-03-31T21:47:45","slug":"reiki-optimizacion","status":"publish","type":"product","link":"https:\/\/rominalazcano.com\/campus\/product\/reiki-optimizacion\/","title":{"rendered":"Reiki &#8211; Optimizaci\u00f3n"},"content":{"rendered":"<div class=\"elementor-element elementor-element-1b680bd elementor-widget elementor-widget-heading\" data-id=\"1b680bd\" data-element_type=\"widget\" data-widget_type=\"heading.default\">\n<div class=\"elementor-widget-container\">\n<h2 class=\"elementor-heading-title elementor-size-default\"><strong><span style=\"color: #c98eac;\">REIKI &#8211; OPTIMIZACI\u00d3N DE INSTAGRAM<\/span><\/strong><\/h2>\n<\/div>\n<\/div>\n<div class=\"elementor-element elementor-element-111692f1 elementor-widget elementor-widget-text-editor\" data-id=\"111692f1\" data-element_type=\"widget\" data-widget_type=\"text-editor.default\">\n<div class=\"elementor-widget-container\">\n<p>Los clientes no interact\u00faan con tu contenido? \u00bfNo comentan? No comparten? \u00bfNo sab\u00e9s si est\u00e1s haciendo lo correcto en tu perfil de Instagram?<\/p>\n<p><strong>Yo te puedo ayudar\u00a0<\/strong>realizando una sesi\u00f3n de Reiki a tu Instagram, es decir, una<strong> optimizaci\u00f3n de sus Chakras.<\/strong><\/p>\n<p>Para poder optimizar, lo que primero deber\u00e9 hacer es\u00a0 una\u00a0 apertura de sus <strong><a href=\"https:\/\/rominalazcano.com\/campus\/product\/registros-akashicos-auditoria\/\">Registros Ak\u00e1shicos<\/a>, <\/strong>es decir, una auditor\u00eda completa para saber c\u00f3mo se vino gestionando hasta ahora, cu\u00e1les son los contenidos y a partir de ah\u00ed, con toda esa informaci\u00f3n, estudiar de qu\u00e9 manera se puede mejorar.<\/p>\n<p>Luego pongo manos a la obra y me encargo de realizar las acciones dentro de tu perfil en el caso que sea necesario. La optimizaci\u00f3n en la que yo puedo intervenir, comprende toda la parte funcional de la cuenta. En el caso de que deba optimizarse la parte estrat\u00e9gica, y de contenidos, esos servicios se presupuestan aparte.<\/p>\n<p>Hay acciones importantes que realizar para que los usuarios se conecten mejor con tu marca y con tus contenidos.<\/p>\n<p>Y el primer paso para saber cu\u00e1les son esas acciones, es auditar la cuenta de manera profesional.<\/p>\n<p><em><strong>\u00bfC\u00f3mo lo hacemos?<\/strong><\/em><\/p>\n<p>Una vez realizada la compra del servicio, el sistema de redirigir\u00e1 a una p\u00e1gina donde me podr\u00e1s enviar por WhatsApp, una mensaje con tu cuenta de Instagram. Luego en un plazo de 5 d\u00edas h\u00e1biles (yo trabajo de 9 a 18hs) vas a recibir la auditor\u00eda de tu perfil al e-mail o tu WhatsApp, como prefieras.<\/p>\n<p>Luego de que la revises y me des el ok de las sugerencias, voy a pasar a la etapa de optimizaci\u00f3n.<\/p>\n<p><em><strong>\u00bfA qui\u00e9nes est\u00e1 dirigido?<\/strong><\/em><\/p>\n<p>A empresas y emprendedores que est\u00e9n interesados en mejorar sus estrategias comerciales y generaci\u00f3n de comunidades, realizando acciones que incrementen las interacciones de los usuarios en sus perfiles.<\/p>\n<p><em><strong>Bonus<\/strong><\/em><\/p>\n<p>Adem\u00e1s de la auditor\u00eda en s\u00ed, vas a recibir<\/p>\n<ul>\n<li><img decoding=\"async\" class=\"emoji\" role=\"img\" draggable=\"false\" src=\"https:\/\/s.w.org\/images\/core\/emoji\/13.0.1\/svg\/1f4cb.svg\" alt=\"\ud83d\udccb\" \/>\u00a0Checklist para que vayas apuntando todo<\/li>\n<li>PDF con la auditor\u00eda completa.<\/li>\n<\/ul>\n<\/div>\n<\/div>\n","protected":false},"excerpt":{"rendered":"<p>Le hago una sesi\u00f3n de Reiki a los Chakras de tu cuenta de Instagram para que potencies tu estrategia y puedas llegar m\u00e1s y mejor a tus clientes.<\/p>\n<p><img decoding=\"async\" class=\"emoji\" role=\"img\" draggable=\"false\" src=\"https:\/\/s.w.org\/images\/core\/emoji\/13.0.1\/svg\/1f447.svg\" alt=\"\ud83d\udc47\" \/>\u00a0Abajo te dejo los detalles.<\/p>\n","protected":false},"featured_media":953,"comment_status":"open","ping_status":"closed","template":"","meta":[],"product_brand":[],"product_cat":[34,38],"product_tag":[31,35],"class_list":{"0":"post-952","1":"product","2":"type-product","3":"status-publish","4":"has-post-thumbnail","6":"product_cat-optimizacion","7":"product_cat-reiki","8":"product_tag-auditoria","9":"product_tag-optimizacion","11":"first","12":"instock","13":"shipping-taxable","14":"purchasable","15":"product-type-simple"},"_links":{"self":[{"href":"https:\/\/rominalazcano.com\/campus\/wp-json\/wp\/v2\/product\/952","targetHints":{"allow":["GET"]}}],"collection":[{"href":"https:\/\/rominalazcano.com\/campus\/wp-json\/wp\/v2\/product"}],"about":[{"href":"https:\/\/rominalazcano.com\/campus\/wp-json\/wp\/v2\/types\/product"}],"replies":[{"embeddable":true,"href":"https:\/\/rominalazcano.com\/campus\/wp-json\/wp\/v2\/comments?post=952"}],"version-history":[{"count":4,"href":"https:\/\/rominalazcano.com\/campus\/wp-json\/wp\/v2\/product\/952\/revisions"}],"predecessor-version":[{"id":6443,"href":"https:\/\/rominalazcano.com\/campus\/wp-json\/wp\/v2\/product\/952\/revisions\/6443"}],"wp:featuredmedia":[{"embeddable":true,"href":"https:\/\/rominalazcano.com\/campus\/wp-json\/wp\/v2\/media\/953"}],"wp:attachment":[{"href":"https:\/\/rominalazcano.com\/campus\/wp-json\/wp\/v2\/media?parent=952"}],"wp:term":[{"taxonomy":"product_brand","embeddable":true,"href":"https:\/\/rominalazcano.com\/campus\/wp-json\/wp\/v2\/product_brand?post=952"},{"taxonomy":"product_cat","embeddable":true,"href":"https:\/\/rominalazcano.com\/campus\/wp-json\/wp\/v2\/product_cat?post=952"},{"taxonomy":"product_tag","embeddable":true,"href":"https:\/\/rominalazcano.com\/campus\/wp-json\/wp\/v2\/product_tag?post=952"}],"curies":[{"name":"wp","href":"https:\/\/api.w.org\/{rel}","templated":true}]}}